{"id":468,"date":"2024-12-26T14:51:54","date_gmt":"2024-12-26T14:51:54","guid":{"rendered":"https:\/\/fisioterapialosmolinosgetafe.com\/?page_id=468"},"modified":"2024-12-26T16:16:16","modified_gmt":"2024-12-26T16:16:16","slug":"ana-gallego","status":"publish","type":"page","link":"https:\/\/fisioterapialosmolinosgetafe.com\/en\/ana-gallego\/","title":{"rendered":"Ana Gallego"},"content":{"rendered":"<div data-elementor-type=\"wp-page\" data-elementor-id=\"468\" class=\"elementor elementor-468\" data-elementor-post-type=\"page\">\n\t\t\t\t<div class=\"elementor-element elementor-element-7702620e e-flex e-con-boxed e-con e-parent\" data-id=\"7702620e\" data-element_type=\"container\" data-settings=\"{&quot;background_background&quot;:&quot;classic&quot;}\">\n\t\t\t\t\t<div class=\"e-con-inner\">\n\t\t<div class=\"elementor-element elementor-element-55dbe366 e-con-full e-flex e-con e-child\" data-id=\"55dbe366\" data-element_type=\"container\">\n\t\t<div class=\"elementor-element elementor-element-30cabf4 e-con-full e-flex e-con e-child\" data-id=\"30cabf4\" data-element_type=\"container\">\n\t\t<div class=\"elementor-element elementor-element-56fae746 e-con-full e-flex e-con e-child\" data-id=\"56fae746\" data-element_type=\"container\">\n\t\t\t\t<\/div>\n\t\t\t\t<\/div>\n\t\t\t\t<div class=\"elementor-element elementor-element-69d80620 elementor-icon-list--layout-inline elementor-widget__width-inherit elementor-align-left elementor-widget-mobile__width-inherit elementor-list-item-link-full_width elementor-widget elementor-widget-icon-list\" data-id=\"69d80620\" data-element_type=\"widget\" data-widget_type=\"icon-list.default\">\n\t\t\t\t<div class=\"elementor-widget-container\">\n\t\t\t\t\t\t\t<ul class=\"elementor-icon-list-items elementor-inline-items\">\n\t\t\t\t\t\t\t<li class=\"elementor-icon-list-item elementor-inline-item\">\n\t\t\t\t\t\t\t\t\t\t\t<span class=\"elementor-icon-list-icon\">\n\t\t\t\t\t\t\t<i aria-hidden=\"true\" class=\"el el-home\"><\/i>\t\t\t\t\t\t<\/span>\n\t\t\t\t\t\t\t\t\t\t<span class=\"elementor-icon-list-text\">Physical therapist <\/span>\n\t\t\t\t\t\t\t\t\t<\/li>\n\t\t\t\t\t\t<\/ul>\n\t\t\t\t\t\t<\/div>\n\t\t\t\t<\/div>\n\t\t\t\t<\/div>\n\t\t\t\t\t<\/div>\n\t\t\t\t<\/div>\n\t\t<div class=\"elementor-element elementor-element-7e2c3752 e-flex e-con-boxed e-con e-parent\" data-id=\"7e2c3752\" data-element_type=\"container\" data-settings=\"{&quot;background_background&quot;:&quot;classic&quot;}\">\n\t\t\t\t\t<div class=\"e-con-inner\">\n\t\t<div class=\"elementor-element elementor-element-5b8130f e-con-full e-flex elementor-invisible e-con e-child\" data-id=\"5b8130f\" data-element_type=\"container\" data-settings=\"{&quot;animation&quot;:&quot;fadeInLeft&quot;}\">\n\t\t<div class=\"elementor-element elementor-element-3e3d35ae e-con-full e-flex e-con e-child\" data-id=\"3e3d35ae\" data-element_type=\"container\" data-settings=\"{&quot;background_background&quot;:&quot;classic&quot;}\">\n\t\t\t\t<div class=\"elementor-element elementor-element-7b5ed28b elementor-widget elementor-widget-image\" data-id=\"7b5ed28b\" data-element_type=\"widget\" data-widget_type=\"image.default\">\n\t\t\t\t<div class=\"elementor-widget-container\">\n\t\t\t\t\t\t\t\t\t\t\t\t\t\t\t<img fetchpriority=\"high\" decoding=\"async\" width=\"231\" height=\"230\" src=\"https:\/\/fisioterapialosmolinosgetafe.com\/wp-content\/uploads\/2024\/12\/team_ana.png\" class=\"attachment-full size-full wp-image-313\" alt=\"\" srcset=\"https:\/\/fisioterapialosmolinosgetafe.com\/wp-content\/uploads\/2024\/12\/team_ana.png 231w, https:\/\/fisioterapialosmolinosgetafe.com\/wp-content\/uploads\/2024\/12\/team_ana-150x150.png 150w\" sizes=\"(max-width: 231px) 100vw, 231px\" \/>\t\t\t\t\t\t\t\t\t\t\t\t\t\t\t<\/div>\n\t\t\t\t<\/div>\n\t\t\t\t<div class=\"elementor-element elementor-element-549066bc elementor-widget elementor-widget-icon-box\" data-id=\"549066bc\" data-element_type=\"widget\" data-widget_type=\"icon-box.default\">\n\t\t\t\t<div class=\"elementor-widget-container\">\n\t\t\t\t\t\t\t<div class=\"elementor-icon-box-wrapper\">\n\n\t\t\t\n\t\t\t\t\t\t<div class=\"elementor-icon-box-content\">\n\n\t\t\t\t\t\t\t\t\t<div class=\"elementor-icon-box-title\">\n\t\t\t\t\t\t<span  >\n\t\t\t\t\t\t\tAna Gallego Herrera\t\t\t\t\t\t<\/span>\n\t\t\t\t\t<\/div>\n\t\t\t\t\n\t\t\t\t\t\t\t\t\t<p class=\"elementor-icon-box-description\">\n\t\t\t\t\t\tFisioterapueta\t\t\t\t\t<\/p>\n\t\t\t\t\n\t\t\t<\/div>\n\t\t\t\n\t\t<\/div>\n\t\t\t\t\t\t<\/div>\n\t\t\t\t<\/div>\n\t\t\t\t<\/div>\n\t\t\t\t<div class=\"elementor-element elementor-element-5f265ff7 elementor-align-justify elementor-widget elementor-widget-button\" data-id=\"5f265ff7\" data-element_type=\"widget\" data-widget_type=\"button.default\">\n\t\t\t\t<div class=\"elementor-widget-container\">\n\t\t\t\t\t\t\t\t\t<div class=\"elementor-button-wrapper\">\n\t\t\t\t\t<a class=\"elementor-button elementor-button-link elementor-size-md\" href=\"#\">\n\t\t\t\t\t\t<span class=\"elementor-button-content-wrapper\">\n\t\t\t\t\t\t\t\t\t<span class=\"elementor-button-text\">Agendar Cita<\/span>\n\t\t\t\t\t<\/span>\n\t\t\t\t\t<\/a>\n\t\t\t\t<\/div>\n\t\t\t\t\t\t\t\t<\/div>\n\t\t\t\t<\/div>\n\t\t\t\t<\/div>\n\t\t<div class=\"elementor-element elementor-element-1af47f9f e-con-full e-flex elementor-invisible e-con e-child\" data-id=\"1af47f9f\" data-element_type=\"container\" data-settings=\"{&quot;animation&quot;:&quot;fadeInRight&quot;}\">\n\t\t\t\t<div class=\"elementor-element elementor-element-3f431006 elementor-widget elementor-widget-heading\" data-id=\"3f431006\" data-element_type=\"widget\" data-widget_type=\"heading.default\">\n\t\t\t\t<div class=\"elementor-widget-container\">\n\t\t\t\t\t<h2 class=\"elementor-heading-title elementor-size-default\">Sobre Mi<\/h2>\t\t\t\t<\/div>\n\t\t\t\t<\/div>\n\t\t\t\t<div class=\"elementor-element elementor-element-42b488b0 elementor-widget elementor-widget-text-editor\" data-id=\"42b488b0\" data-element_type=\"widget\" data-widget_type=\"text-editor.default\">\n\t\t\t\t<div class=\"elementor-widget-container\">\n\t\t\t\t\t\t\t\t\t<p>Fisioterapeuta &#8211; Universidad Rey Juan Carlos<\/p><p>Experta en fisioterapia deportiva<\/p><p>Fisioterapia y mejora del rendimiento deportivo basado en pilates<\/p><p>Kinesiolog\u00eda aplicada &#8211; introducci\u00f3n, pelvis, ATM y sist\u00e9mico<\/p><p>Acupuntura para fisioterapeutas<\/p><p>Fisioterapia china &#8211; Laboratorio Fitoki<\/p><p>Kinebiomagn\u00e9tica<\/p><p>Punci\u00f3n seca<\/p><p>M\u00e9todo hipopresivo &#8211; Low pressure fitness<\/p><p>Nivel I metolog\u00eda &#8211; check your motion<\/p>\t\t\t\t\t\t\t\t<\/div>\n\t\t\t\t<\/div>\n\t\t\t\t<div class=\"elementor-element elementor-element-491e654b elementor-widget elementor-widget-heading\" data-id=\"491e654b\" data-element_type=\"widget\" data-widget_type=\"heading.default\">\n\t\t\t\t<div class=\"elementor-widget-container\">\n\t\t\t\t\t<h6 class=\"elementor-heading-title elementor-size-default\">Horarios<\/h6>\t\t\t\t<\/div>\n\t\t\t\t<\/div>\n\t\t\t\t<div class=\"elementor-element elementor-element-685daa59 elementor-widget elementor-widget-html\" data-id=\"685daa59\" data-element_type=\"widget\" data-widget_type=\"html.default\">\n\t\t\t\t<div class=\"elementor-widget-container\">\n\t\t\t\t\t    <table>\r\n        <thead>\r\n            <tr>\r\n                <th>D\u00eda<\/th>\r\n                <th>Hora<\/th>\r\n            <\/tr>\r\n        <\/thead>\r\n        <tbody>\r\n            <tr>\r\n                <td>Martes<\/td>\r\n                <td>16:15 - 20:30<\/td>\r\n            <\/tr>\r\n            <tr>\r\n                <td>Viernes<\/td>\r\n                <td>09:15 - 13:00<\/td>\r\n            <\/tr>\r\n        <\/tbody>\r\n    <\/table>\t\t\t\t<\/div>\n\t\t\t\t<\/div>\n\t\t\t\t<\/div>\n\t\t\t\t\t<\/div>\n\t\t\t\t<\/div>\n\t\t\t\t<\/div>","protected":false},"excerpt":{"rendered":"<p>Fisioterapeuta Ana Gallego Herrera Fisioterapueta Agendar Cita Sobre Mi Fisioterapeuta &#8211; Universidad Rey Juan Carlos Experta en fisioterapia deportiva Fisioterapia y mejora del rendimiento deportivo basado en pilates Kinesiolog\u00eda aplicada &#8211; introducci\u00f3n, pelvis, ATM y sist\u00e9mico Acupuntura para fisioterapeutas Fisioterapia china &#8211; Laboratorio Fitoki Kinebiomagn\u00e9tica Punci\u00f3n seca M\u00e9todo hipopresivo &#8211; Low pressure fitness Nivel I [&hellip;]<\/p>","protected":false},"author":1,"featured_media":0,"parent":0,"menu_order":0,"comment_status":"closed","ping_status":"closed","template":"","meta":{"footnotes":""},"class_list":["post-468","page","type-page","status-publish","hentry"],"_links":{"self":[{"href":"https:\/\/fisioterapialosmolinosgetafe.com\/en\/wp-json\/wp\/v2\/pages\/468","targetHints":{"allow":["GET"]}}],"collection":[{"href":"https:\/\/fisioterapialosmolinosgetafe.com\/en\/wp-json\/wp\/v2\/pages"}],"about":[{"href":"https:\/\/fisioterapialosmolinosgetafe.com\/en\/wp-json\/wp\/v2\/types\/page"}],"author":[{"embeddable":true,"href":"https:\/\/fisioterapialosmolinosgetafe.com\/en\/wp-json\/wp\/v2\/users\/1"}],"replies":[{"embeddable":true,"href":"https:\/\/fisioterapialosmolinosgetafe.com\/en\/wp-json\/wp\/v2\/comments?post=468"}],"version-history":[{"count":10,"href":"https:\/\/fisioterapialosmolinosgetafe.com\/en\/wp-json\/wp\/v2\/pages\/468\/revisions"}],"predecessor-version":[{"id":541,"href":"https:\/\/fisioterapialosmolinosgetafe.com\/en\/wp-json\/wp\/v2\/pages\/468\/revisions\/541"}],"wp:attachment":[{"href":"https:\/\/fisioterapialosmolinosgetafe.com\/en\/wp-json\/wp\/v2\/media?parent=468"}],"curies":[{"name":"wp","href":"https:\/\/api.w.org\/{rel}","templated":true}]}}